{"id":517,"date":"2022-04-14T16:13:03","date_gmt":"2022-04-14T14:13:03","guid":{"rendered":"https:\/\/lephiltre.com\/home\/"},"modified":"2025-09-24T13:46:24","modified_gmt":"2025-09-24T11:46:24","slug":"home","status":"publish","type":"page","link":"https:\/\/lephiltre.com\/en\/","title":{"rendered":"Home"},"content":{"rendered":"\n<div class=\"wp-block-group\"><div class=\"wp-block-group__inner-container is-layout-flow wp-block-group-is-layout-flow\">\n<h2 class=\"wp-block-heading has-text-align-center title-big\">Joyful Ecology<\/h2>\n\n\n\n<div style=\"height:8em\" aria-hidden=\"true\" class=\"wp-block-spacer\"><\/div>\n<\/div><\/div>\n\n\n\n<div class=\"wp-block-group\"><div class=\"wp-block-group__inner-container is-layout-flow wp-block-group-is-layout-flow\">\n<div class=\"wp-block-columns parallax-c is-layout-flex wp-container-core-columns-is-layout-9d6595d7 wp-block-columns-is-layout-flex\">\n<div class=\"wp-block-column is-vertically-aligned-center parallax parallax-top is-layout-flow wp-block-column-is-layout-flow\" style=\"flex-basis:66.66%\"><div class=\"wp-block-image\">\n<figure class=\"aligncenter size-large is-resized\"><img loading=\"lazy\" decoding=\"async\" width=\"683\" height=\"1024\" src=\"https:\/\/lephiltre.com\/wp-content\/uploads\/2024\/07\/DSCF3773-4-683x1024.jpg\" alt=\"\" class=\"wp-image-2822\" style=\"width:408px;height:auto\" srcset=\"https:\/\/lephiltre.com\/wp-content\/uploads\/2024\/07\/DSCF3773-4-683x1024.jpg 683w, https:\/\/lephiltre.com\/wp-content\/uploads\/2024\/07\/DSCF3773-4-200x300.jpg 200w, https:\/\/lephiltre.com\/wp-content\/uploads\/2024\/07\/DSCF3773-4-768x1152.jpg 768w, https:\/\/lephiltre.com\/wp-content\/uploads\/2024\/07\/DSCF3773-4-1024x1536.jpg 1024w, https:\/\/lephiltre.com\/wp-content\/uploads\/2024\/07\/DSCF3773-4-1365x2048.jpg 1365w, https:\/\/lephiltre.com\/wp-content\/uploads\/2024\/07\/DSCF3773-4-1333x2000.jpg 1333w, https:\/\/lephiltre.com\/wp-content\/uploads\/2024\/07\/DSCF3773-4-933x1400.jpg 933w, https:\/\/lephiltre.com\/wp-content\/uploads\/2024\/07\/DSCF3773-4-533x800.jpg 533w, https:\/\/lephiltre.com\/wp-content\/uploads\/2024\/07\/DSCF3773-4-333x500.jpg 333w, https:\/\/lephiltre.com\/wp-content\/uploads\/2024\/07\/DSCF3773-4-scaled.jpg 1707w\" sizes=\"auto, (max-width: 683px) 100vw, 683px\" \/><\/figure><\/div><\/div>\n\n\n\n<div class=\"wp-block-column parallax parallax-bottom is-layout-flow wp-block-column-is-layout-flow\" style=\"flex-basis:33.33%\">\n<p class=\"has-text-align-center\"><em><strong>In just four years, Le Philtre has become the organic, eco-friendly drink for lovers of simple, French-style pleasure. If Tristan and Yseult were to return in 2025, the lover would no longer pour his elixir into the beautiful woman&#8217;s glass: they would toast together, before diving fully clothed into the sea, in complete inconsequence. The world is changing: we can save it by having fun. That&#8217;s what joyful ecology is all about. Philtre is a state of mind, but also a societal gesture. The chicest vodka in Paris is an act of rebellion against pollution and stupidity.<\/strong><\/em><\/p>\n\n\n\n<p class=\"has-text-align-center\"><strong><em>A vodka that celebrates joie de vivre in all its fragility, gentleness, grandeur and simplicity. The lightest things are sometimes the most important.<\/em><\/strong><\/p>\n<\/div>\n<\/div>\n<\/div><\/div>\n\n\n\n<div class=\"wp-block-group\"><div class=\"wp-block-group__inner-container is-layout-flow wp-block-group-is-layout-flow\">\n<div class=\"wp-block-columns parallax-c is-layout-flex wp-container-core-columns-is-layout-9d6595d7 wp-block-columns-is-layout-flex\">\n<div class=\"wp-block-column parallax parallax-bottom is-layout-flow wp-block-column-is-layout-flow\" style=\"flex-basis:33.33%\">\n<p><strong>How can hedonism and ecology be reconciled?<\/strong><\/p>\n\n\n\n<p>Le Philtre does not pretend to give lessons in virtue or decreasing morality, but to express a realistic utopia, a universal approach: a festive, joyful and optimistic ecology is possible today.<\/p>\n\n\n\n<p><br>A way of life where we can produce and consume in a responsible and reasoned way, favoring short circuits and the circular economy, but also quality, sophistication and good food.<br>Would it be possible, then, to drink vodka while preserving our planet? We&#8217;re convinced: Le Philtre vodka is the fruit of this philosophy.<\/p>\n<\/div>\n\n\n\n<div class=\"wp-block-column parallax parallax-top is-layout-flow wp-block-column-is-layout-flow\" style=\"flex-basis:66.66%\">\n<figure class=\"wp-block-image size-large\"><img loading=\"lazy\" decoding=\"async\" width=\"1024\" height=\"683\" src=\"https:\/\/lephiltre.com\/wp-content\/uploads\/2024\/07\/fav-1-7-1024x683.jpg\" alt=\"\" class=\"wp-image-2939\" srcset=\"https:\/\/lephiltre.com\/wp-content\/uploads\/2024\/07\/fav-1-7-1024x683.jpg 1024w, https:\/\/lephiltre.com\/wp-content\/uploads\/2024\/07\/fav-1-7-300x200.jpg 300w, https:\/\/lephiltre.com\/wp-content\/uploads\/2024\/07\/fav-1-7-768x512.jpg 768w, https:\/\/lephiltre.com\/wp-content\/uploads\/2024\/07\/fav-1-7-1536x1024.jpg 1536w, https:\/\/lephiltre.com\/wp-content\/uploads\/2024\/07\/fav-1-7-2048x1365.jpg 2048w, https:\/\/lephiltre.com\/wp-content\/uploads\/2024\/07\/fav-1-7-2000x1333.jpg 2000w, https:\/\/lephiltre.com\/wp-content\/uploads\/2024\/07\/fav-1-7-1400x933.jpg 1400w, https:\/\/lephiltre.com\/wp-content\/uploads\/2024\/07\/fav-1-7-800x533.jpg 800w, https:\/\/lephiltre.com\/wp-content\/uploads\/2024\/07\/fav-1-7-500x333.jpg 500w\" sizes=\"auto, (max-width: 1024px) 100vw, 1024px\" \/><\/figure>\n<\/div>\n<\/div>\n<\/div><\/div>\n\n\n\n<div class=\"wp-block-group\"><div class=\"wp-block-group__inner-container is-layout-flow wp-block-group-is-layout-flow\">\n<p class=\"has-text-align-center blue\" style=\"font-size:1.25em;text-transform:uppercase\"><strong>Enjoy responsibly, drink sustainably<\/strong><\/p>\n\n\n\n<div style=\"height:2em\" aria-hidden=\"true\" class=\"wp-block-spacer\"><\/div>\n<\/div><\/div>\n\n\n\n<div class=\"wp-block-group\"><div class=\"wp-block-group__inner-container is-layout-flow wp-block-group-is-layout-flow\">\n<div class=\"wp-block-buttons is-content-justification-center is-layout-flex wp-container-core-buttons-is-layout-16018d1d wp-block-buttons-is-layout-flex\">\n<div class=\"wp-block-button\"><a class=\"wp-block-button__link wp-element-button\">Find out more<\/a><\/div>\n<\/div>\n<\/div><\/div>\n\n\n\n<div class=\"wp-block-group\"><div class=\"wp-block-group__inner-container is-layout-flow wp-block-group-is-layout-flow\">\n<div style=\"height:4em\" aria-hidden=\"true\" class=\"wp-block-spacer\"><\/div>\n<\/div><\/div>\n\n\n\n<figure class=\"wp-block-embed aligncenter is-type-video is-provider-youtube wp-block-embed-youtube wide-video wp-embed-aspect-16-9 wp-has-aspect-ratio\"><div class=\"wp-block-embed__wrapper\">\n<iframe loading=\"lazy\" title=\"Le film - Le Philtre Organic Vodka\" width=\"500\" height=\"281\" src=\"https:\/\/www.youtube.com\/embed\/L4URHjQFJZ8?feature=oembed\" frameborder=\"0\" allow=\"accelerometer; autoplay; clipboard-write; encrypted-media; gyroscope; picture-in-picture; web-share\" referrerpolicy=\"strict-origin-when-cross-origin\" allowfullscreen><\/iframe>\n<\/div><\/figure>\n\n\n\n<div class=\"wp-block-group\"><div class=\"wp-block-group__inner-container is-layout-flow wp-block-group-is-layout-flow\">\n<p class=\"has-text-align-center blue\" style=\"font-size:1.5em\">Do you have a crush on it ? Treat yourself with a shot of Hedonism<\/p>\n\n\n\n<div class=\"wp-block-buttons is-content-justification-center is-layout-flex wp-container-core-buttons-is-layout-16018d1d wp-block-buttons-is-layout-flex\">\n<div class=\"wp-block-button btn-ph\"><a class=\"wp-block-button__link wp-element-button\" href=\"https:\/\/lephiltre.com\/panier\/product\/bouteille-bleu\/\">E-Shop<\/a><\/div>\n<\/div>\n<\/div><\/div>\n\n\n\n<div style=\"height:2em\" aria-hidden=\"true\" class=\"wp-block-spacer\"><\/div>\n","protected":false},"excerpt":{"rendered":"<p>Joyful Ecology In just four years, Le Philtre has become the organic, eco-friendly drink for lovers of simple, French-style pleasure. If Tristan and Yseult were to return in 2025, the lover would no longer pour his elixir into the beautiful woman&#8217;s glass: they would toast together, before diving fully clothed into the sea, in complete [&hellip;]<\/p>\n","protected":false},"author":1,"featured_media":461,"parent":0,"menu_order":0,"comment_status":"closed","ping_status":"closed","template":"","meta":{"_acf_changed":false,"footnotes":""},"class_list":["post-517","page","type-page","status-publish","has-post-thumbnail","hentry"],"acf":[],"yoast_head":"<!-- This site is optimized with the Yoast SEO plugin v25.3.1 - https:\/\/yoast.com\/wordpress\/plugins\/seo\/ -->\n<title>Le Philtre Organic Vodka : fran\u00e7aise et \u00e9coresponsable<\/title>\n<meta name=\"description\" content=\"Le Philtre Organic Vodka is 100% natural and organic La vodka id\u00e9ale \u00e0 offrir ou \u00e0 d\u00e9guster entre amis.\" \/>\n<meta name=\"robots\" content=\"index, follow, max-snippet:-1, max-image-preview:large, max-video-preview:-1\" \/>\n<link rel=\"canonical\" href=\"https:\/\/lephiltre.com\/en\/\" \/>\n<meta property=\"og:locale\" content=\"en_US\" \/>\n<meta property=\"og:type\" content=\"article\" \/>\n<meta property=\"og:title\" content=\"Le Philtre Organic Vodka : fran\u00e7aise et \u00e9coresponsable\" \/>\n<meta property=\"og:description\" content=\"Le Philtre Organic Vodka is 100% natural and organic La vodka id\u00e9ale \u00e0 offrir ou \u00e0 d\u00e9guster entre amis.\" \/>\n<meta property=\"og:url\" content=\"https:\/\/lephiltre.com\/en\/\" \/>\n<meta property=\"og:site_name\" content=\"Le Philtre\" \/>\n<meta property=\"article:modified_time\" content=\"2025-09-24T11:46:24+00:00\" \/>\n<meta property=\"og:image\" content=\"https:\/\/lephiltre.com\/wp-content\/uploads\/2022\/03\/naissance-idee-etape-3.dd058b50-scaled.jpg\" \/>\n\t<meta property=\"og:image:width\" content=\"1945\" \/>\n\t<meta property=\"og:image:height\" content=\"2560\" \/>\n\t<meta property=\"og:image:type\" content=\"image\/jpeg\" \/>\n<meta name=\"twitter:card\" content=\"summary_large_image\" \/>\n<meta name=\"twitter:label1\" content=\"Est. reading time\" \/>\n\t<meta name=\"twitter:data1\" content=\"2 minutes\" \/>\n<script type=\"application\/ld+json\" class=\"yoast-schema-graph\">{\"@context\":\"https:\/\/schema.org\",\"@graph\":[{\"@type\":\"WebPage\",\"@id\":\"https:\/\/lephiltre.com\/en\/\",\"url\":\"https:\/\/lephiltre.com\/en\/\",\"name\":\"Le Philtre Organic Vodka : fran\u00e7aise et \u00e9coresponsable\",\"isPartOf\":{\"@id\":\"https:\/\/lephiltre.com\/en\/#website\"},\"primaryImageOfPage\":{\"@id\":\"https:\/\/lephiltre.com\/en\/#primaryimage\"},\"image\":{\"@id\":\"https:\/\/lephiltre.com\/en\/#primaryimage\"},\"thumbnailUrl\":\"https:\/\/lephiltre.com\/wp-content\/uploads\/2022\/03\/naissance-idee-etape-3.dd058b50-scaled.jpg\",\"datePublished\":\"2022-04-14T14:13:03+00:00\",\"dateModified\":\"2025-09-24T11:46:24+00:00\",\"description\":\"Le Philtre Organic Vodka is 100% natural and organic La vodka id\u00e9ale \u00e0 offrir ou \u00e0 d\u00e9guster entre amis.\",\"breadcrumb\":{\"@id\":\"https:\/\/lephiltre.com\/en\/#breadcrumb\"},\"inLanguage\":\"en-US\",\"potentialAction\":[{\"@type\":\"ReadAction\",\"target\":[\"https:\/\/lephiltre.com\/en\/\"]}]},{\"@type\":\"ImageObject\",\"inLanguage\":\"en-US\",\"@id\":\"https:\/\/lephiltre.com\/en\/#primaryimage\",\"url\":\"https:\/\/lephiltre.com\/wp-content\/uploads\/2022\/03\/naissance-idee-etape-3.dd058b50-scaled.jpg\",\"contentUrl\":\"https:\/\/lephiltre.com\/wp-content\/uploads\/2022\/03\/naissance-idee-etape-3.dd058b50-scaled.jpg\",\"width\":1945,\"height\":2560},{\"@type\":\"BreadcrumbList\",\"@id\":\"https:\/\/lephiltre.com\/en\/#breadcrumb\",\"itemListElement\":[{\"@type\":\"ListItem\",\"position\":1,\"name\":\"Accueil\",\"item\":\"https:\/\/lephiltre.com\/en\/\"},{\"@type\":\"ListItem\",\"position\":2,\"name\":\"Home\"}]},{\"@type\":\"WebSite\",\"@id\":\"https:\/\/lephiltre.com\/en\/#website\",\"url\":\"https:\/\/lephiltre.com\/en\/\",\"name\":\"Le Philtre\",\"description\":\"Organic Vodka\",\"publisher\":{\"@id\":\"https:\/\/lephiltre.com\/en\/#organization\"},\"potentialAction\":[{\"@type\":\"SearchAction\",\"target\":{\"@type\":\"EntryPoint\",\"urlTemplate\":\"https:\/\/lephiltre.com\/en\/?s={search_term_string}\"},\"query-input\":{\"@type\":\"PropertyValueSpecification\",\"valueRequired\":true,\"valueName\":\"search_term_string\"}}],\"inLanguage\":\"en-US\"},{\"@type\":\"Organization\",\"@id\":\"https:\/\/lephiltre.com\/en\/#organization\",\"name\":\"Le Philtre Organic Vodka\",\"url\":\"https:\/\/lephiltre.com\/en\/\",\"logo\":{\"@type\":\"ImageObject\",\"inLanguage\":\"en-US\",\"@id\":\"https:\/\/lephiltre.com\/en\/#\/schema\/logo\/image\/\",\"url\":\"https:\/\/lephiltre.com\/wp-content\/uploads\/2022\/05\/logo-philtre.svg\",\"contentUrl\":\"https:\/\/lephiltre.com\/wp-content\/uploads\/2022\/05\/logo-philtre.svg\",\"width\":1,\"height\":1,\"caption\":\"Le Philtre Organic Vodka\"},\"image\":{\"@id\":\"https:\/\/lephiltre.com\/en\/#\/schema\/logo\/image\/\"}}]}<\/script>\n<!-- \/ Yoast SEO plugin. -->","yoast_head_json":{"title":"Le Philtre Organic Vodka : fran\u00e7aise et \u00e9coresponsable","description":"Le Philtre Organic Vodka is 100% natural and organic La vodka id\u00e9ale \u00e0 offrir ou \u00e0 d\u00e9guster entre amis.","robots":{"index":"index","follow":"follow","max-snippet":"max-snippet:-1","max-image-preview":"max-image-preview:large","max-video-preview":"max-video-preview:-1"},"canonical":"https:\/\/lephiltre.com\/en\/","og_locale":"en_US","og_type":"article","og_title":"Le Philtre Organic Vodka : fran\u00e7aise et \u00e9coresponsable","og_description":"Le Philtre Organic Vodka is 100% natural and organic La vodka id\u00e9ale \u00e0 offrir ou \u00e0 d\u00e9guster entre amis.","og_url":"https:\/\/lephiltre.com\/en\/","og_site_name":"Le Philtre","article_modified_time":"2025-09-24T11:46:24+00:00","og_image":[{"width":1945,"height":2560,"url":"https:\/\/lephiltre.com\/wp-content\/uploads\/2022\/03\/naissance-idee-etape-3.dd058b50-scaled.jpg","type":"image\/jpeg"}],"twitter_card":"summary_large_image","twitter_misc":{"Est. reading time":"2 minutes"},"schema":{"@context":"https:\/\/schema.org","@graph":[{"@type":"WebPage","@id":"https:\/\/lephiltre.com\/en\/","url":"https:\/\/lephiltre.com\/en\/","name":"Le Philtre Organic Vodka : fran\u00e7aise et \u00e9coresponsable","isPartOf":{"@id":"https:\/\/lephiltre.com\/en\/#website"},"primaryImageOfPage":{"@id":"https:\/\/lephiltre.com\/en\/#primaryimage"},"image":{"@id":"https:\/\/lephiltre.com\/en\/#primaryimage"},"thumbnailUrl":"https:\/\/lephiltre.com\/wp-content\/uploads\/2022\/03\/naissance-idee-etape-3.dd058b50-scaled.jpg","datePublished":"2022-04-14T14:13:03+00:00","dateModified":"2025-09-24T11:46:24+00:00","description":"Le Philtre Organic Vodka is 100% natural and organic La vodka id\u00e9ale \u00e0 offrir ou \u00e0 d\u00e9guster entre amis.","breadcrumb":{"@id":"https:\/\/lephiltre.com\/en\/#breadcrumb"},"inLanguage":"en-US","potentialAction":[{"@type":"ReadAction","target":["https:\/\/lephiltre.com\/en\/"]}]},{"@type":"ImageObject","inLanguage":"en-US","@id":"https:\/\/lephiltre.com\/en\/#primaryimage","url":"https:\/\/lephiltre.com\/wp-content\/uploads\/2022\/03\/naissance-idee-etape-3.dd058b50-scaled.jpg","contentUrl":"https:\/\/lephiltre.com\/wp-content\/uploads\/2022\/03\/naissance-idee-etape-3.dd058b50-scaled.jpg","width":1945,"height":2560},{"@type":"BreadcrumbList","@id":"https:\/\/lephiltre.com\/en\/#breadcrumb","itemListElement":[{"@type":"ListItem","position":1,"name":"Accueil","item":"https:\/\/lephiltre.com\/en\/"},{"@type":"ListItem","position":2,"name":"Home"}]},{"@type":"WebSite","@id":"https:\/\/lephiltre.com\/en\/#website","url":"https:\/\/lephiltre.com\/en\/","name":"Le Philtre","description":"Organic Vodka","publisher":{"@id":"https:\/\/lephiltre.com\/en\/#organization"},"potentialAction":[{"@type":"SearchAction","target":{"@type":"EntryPoint","urlTemplate":"https:\/\/lephiltre.com\/en\/?s={search_term_string}"},"query-input":{"@type":"PropertyValueSpecification","valueRequired":true,"valueName":"search_term_string"}}],"inLanguage":"en-US"},{"@type":"Organization","@id":"https:\/\/lephiltre.com\/en\/#organization","name":"Le Philtre Organic Vodka","url":"https:\/\/lephiltre.com\/en\/","logo":{"@type":"ImageObject","inLanguage":"en-US","@id":"https:\/\/lephiltre.com\/en\/#\/schema\/logo\/image\/","url":"https:\/\/lephiltre.com\/wp-content\/uploads\/2022\/05\/logo-philtre.svg","contentUrl":"https:\/\/lephiltre.com\/wp-content\/uploads\/2022\/05\/logo-philtre.svg","width":1,"height":1,"caption":"Le Philtre Organic Vodka"},"image":{"@id":"https:\/\/lephiltre.com\/en\/#\/schema\/logo\/image\/"}}]}},"_links":{"self":[{"href":"https:\/\/lephiltre.com\/en\/wp-json\/wp\/v2\/pages\/517","targetHints":{"allow":["GET"]}}],"collection":[{"href":"https:\/\/lephiltre.com\/en\/wp-json\/wp\/v2\/pages"}],"about":[{"href":"https:\/\/lephiltre.com\/en\/wp-json\/wp\/v2\/types\/page"}],"author":[{"embeddable":true,"href":"https:\/\/lephiltre.com\/en\/wp-json\/wp\/v2\/users\/1"}],"replies":[{"embeddable":true,"href":"https:\/\/lephiltre.com\/en\/wp-json\/wp\/v2\/comments?post=517"}],"version-history":[{"count":100,"href":"https:\/\/lephiltre.com\/en\/wp-json\/wp\/v2\/pages\/517\/revisions"}],"predecessor-version":[{"id":3767,"href":"https:\/\/lephiltre.com\/en\/wp-json\/wp\/v2\/pages\/517\/revisions\/3767"}],"wp:featuredmedia":[{"embeddable":true,"href":"https:\/\/lephiltre.com\/en\/wp-json\/wp\/v2\/media\/461"}],"wp:attachment":[{"href":"https:\/\/lephiltre.com\/en\/wp-json\/wp\/v2\/media?parent=517"}],"curies":[{"name":"wp","href":"https:\/\/api.w.org\/{rel}","templated":true}]}}