{"id":602,"date":"2022-05-02T21:25:22","date_gmt":"2022-05-02T19:25:22","guid":{"rendered":"https:\/\/lephiltre.com\/conditions-generales-de-vente\/"},"modified":"2022-05-03T08:39:47","modified_gmt":"2022-05-03T06:39:47","slug":"terms","status":"publish","type":"page","link":"https:\/\/lephiltre.com\/en\/terms\/","title":{"rendered":"Terms"},"content":{"rendered":"\n<div class=\"wp-block-group\"><div class=\"wp-block-group__inner-container is-layout-flow wp-block-group-is-layout-flow\">\n<h1 class=\"has-text-align-center title-medium noicon wp-block-heading\">General Terms and Conditions of Sale<\/h1>\n\n\n\n<div style=\"height:2em\" aria-hidden=\"true\" class=\"wp-block-spacer\"><\/div>\n\n\n\n<p>Alcools de Luxe &amp; Associ\u00e9s is a simplified joint stock company with a capital of 96,040 euros. Their head office is located at 58 rue d\u2019Hauteville, 75010, Paris, and registered with the Paris Trade and Companies Register (RCS) under the number 849456744.<\/p>\n\n\n\n<p>The company can be reached online via www.lephiltre.com<\/p>\n\n\n\n<p>The \u2018Company\u2019 edits and publishes an online sales channel via www.lephiltre.com (the \u2018Website\u2019).<\/p>\n\n\n\n<p>The current General Terms and Conditions of sale \u2018General Terms and Conditions of Sale\u2019 depict the relationship between the Company and its Customers (as outlined below) for the sale of bottles of vodka (\u2018the Products\u2019) online in adherenace to the pricing terms and conditions specified on the website.<\/p>\n\n\n\n<p>The Company reserves the right to amend the current General Terms and Conditions of Sale at any time by updating and publishing a new version on the Website. The applicable General Terms and Conditions of Sale are those in force at time of sale.<\/p>\n\n\n\n<h3 class=\"wp-block-heading\">Article 1 : <strong>Prevention<\/strong><\/h3>\n\n\n\n<p>You must be at least 18 years of age to use this site. The company cannot be held responsibile if alcohol is bought on behalf of a third party. The Company holds a legal licence allowing for the sale of alcohol which can be provided upon request.<\/p>\n\n\n\n<p>Alcohol can seriously harm your health. Please drink responsibily and in moderation.<\/p>\n\n\n\n<h3 class=\"wp-block-heading\">Article 2 : <strong>Customers<\/strong><\/h3>\n\n\n\n<p>Products for sale on the website are reserved for customers over the age of 18 who have legal capacity to order on the website, for non-commercial purposes and with a delivery and billing address within mainland France.<\/p>\n\n\n\n<p>In accordance with Article L.3342-1 of the French Public Health Code, the Company reserves the right to ask the customer for proof of identity. Customers, \u2018Legal persons\u2019 are asked to contact the Soci\u00e9t\u00e9 Alcools de Luxe via the following email address: contact@lephiltre.com or by telephone on 07 880 33 072.<\/p>\n\n\n\n<h3 class=\"wp-block-heading\">Article 3 : <strong>Applying the General Terms and Conditions of Sale<\/strong><\/h3>\n\n\n\n<p>The General Terms and Conditions of Sale exclusively apply to all sales made through the Company Website. Ordering online or accepting an offer from the Company means the Customer accepts everything outlined in the General Terms and Conditions of Sale. The Customer is fully aware that a signature (digital or physical) is not necessary for their their agreement to these terms.<\/p>\n\n\n\n<p>The Company reserves the right to cancel all or part of the Customer\u2019s orders and their deliveries if they do not agree to the current General Terms and Conditions of Sale.<\/p>\n\n\n\n<h3 class=\"wp-block-heading\">Article 4 \u2013 <strong>Orders<\/strong><\/h3>\n\n\n\n<h4 class=\"wp-block-heading\">4.1 Product Descriptions and Availability<\/h4>\n\n\n\n<p>The Company takes the utmost care in providing information about the Products, especially their key features (volume, alcohol content, ingredients) which are outlined in the Product\u2019s technical data sheet, consisting of a photograph of the Product and a technical description on the Website.<\/p>\n\n\n\n<p>The information found in catalogues, brochures, adverts, notices or other Company documents are only given as an approximation and are not binding to the Company who can alter them at any time. Photographs depicting Products don\u2019t have any contractual value and the Company cannot take any responsibility for them.<\/p>\n\n\n\n<p>The customer is also aware that the glass which the Company uses to make their bottles contains a variety of colour tones ranging from cobalt blue to emerald green. As such, the Company cannot guarantee the exact colour of the bottle you will receive in your order and photographs of the Product\u2019s hue shown on the Website do not have any contractual value.<\/p>\n\n\n\n<p>The Customer cannot return or be reimbursed for being unsatisfied with a Product\u2019s colour. The Product\u2019s technical sheet is the only source of contractual information. The Company can, at any time, edit these technical sheets.<\/p>\n\n\n\n<p>Products are listed for sale and delivered as per available stock. In case of limited stock for a Product which has already been ordered, the Company will inform the Customer of its temporay unavailability and the delivery time once back in stock.<\/p>\n\n\n\n<p>If the Product delivery time exceeds more than 30 days, the Customer will be reimbursed the amount paid upon ordering.<\/p>\n\n\n\n<h4 class=\"wp-block-heading\">4.2 How to place an order<\/h4>\n\n\n\n<p>To place an order, the Customer must to complete the following steps:<\/p>\n\n\n\n<p>1. Visit the Website <a href=\"http:\/\/www.lephiltre.com\">www.lephiltre.com<\/a><\/p>\n\n\n\n<p>2. Choose Products to place into the sales basket<\/p>\n\n\n\n<p>3. Confirm the sale elements by clicking \u2018order\u2019 to see a summary and, if necessary, edit.<\/p>\n\n\n\n<p>4. Confirm the order and total price by clicking \u2018pay\u2019 (the \u2018Confirmation of Order\u2019). The Confirmation of Order confirms implies the acceptance of all the current General Terms and Conditions of Sale.<\/p>\n\n\n\n<p>5. Follow the payment instructions online to pay the full amount.<\/p>\n\n\n\n<p>The Customer will automatically receive an electronic notification of their customer account and confirmation of payment and their order. Finally, the Customer receives an email confirmation once their order is shipped and will be sent to the address supplied at the time of the order.<\/p>\n\n\n\n<h3 class=\"wp-block-heading\">Article 5 : <strong>Price<\/strong><\/h3>\n\n\n\n<p>The Customer is obliged to pay the total amount as per the Website.<\/p>\n\n\n\n<p>The price of Products are shown in euros (\u20ac) and include all taxes but exclude delivery costs, which are outliend below. The invoiced price of Products are those shown on the Website on the date the Customer confirms their order on the Website.<\/p>\n\n\n\n<p>The Company reserves the right to change prices on the Website at any time. This change will be automatically applicable from the date the changes were published on the Website. All orders, wherever they have been made, will be payable in euros only. Any line charges incurred through accessing the Website are at the cost of the Customer.<\/p>\n\n\n\n<p>The period of validity of sales and prices is determined by updating the Website.<\/p>\n\n\n\n<h3 class=\"wp-block-heading\">Article 6 : <strong>Payment<\/strong><\/h3>\n\n\n\n<p>The Customer will have to pay the full amount upon confirming the order. Payment is taken online by debit or credit card (Visa Debit, Visa, Eurocard, MasterCard, American Express) once the Customer has confirmed their order.<\/p>\n\n\n\n<p>At the checkout, the Customer can round up the payment and make a donation of the difference to one of the Company\u2019s partner associations. This donation is final and cannot be reimbursed by the Customer for any reason.<\/p>\n\n\n\n<p>Bank details will be protected by a secure server, to ensure the utmost privacy and security of user information during the transaction.<\/p>\n\n\n\n<p>The request for funds is completed once the order is confirmed on the Website unless the servers fail. The Company reserves the right to carry out a new request for funds if, in the first instance, the servers are down.<\/p>\n\n\n\n<p>In the case of a payment default, incorrect address or other problem on the Customer\u2019s part, the Company reserves the right to block the Customer\u2019s order until the problem is resolved.<\/p>\n\n\n\n<h3 class=\"wp-block-heading\">Article 7 : <strong>Retention of title<\/strong><\/h3>\n\n\n\n<p>The Company retains ownership of Products for sale until the Customer has paid the full amount and this has been cleared by the Company.<\/p>\n\n\n\n<h3 class=\"wp-block-heading\">Article 8 : <strong>Delivery<\/strong><\/h3>\n\n\n\n<p>Products listed for sale on the Website are developed and marketed in accordance with current French standards and cannot be delivered outside mainland France.<\/p>\n\n\n\n<p>Products are delivered by an intermediary service, Kol, who have a contract with the French postal service, La Poste. Delivery times stipulated below are a guide and are effective once the order has been picked up by La Poste. The Customer will be kept informed of the shipping status of their order via email.<\/p>\n\n\n\n<p>Whatever the quantity or point of dispatch, delivery fees are set at \u20ac6.50 per order and will be delivered within three working days.<\/p>\n\n\n\n<h3 class=\"wp-block-heading\">Article 9 : <strong>Cancellation Rights<\/strong><\/h3>\n\n\n\n<h4 class=\"wp-block-heading\">9.1 Rule<\/h4>\n\n\n\n<p>In accordance with articles L221-18 and following of the French Consumer Code, the Customer has the right to cancel within 14 days following receipt of the order without having to explain why or pay penalties, except for return costs.<\/p>\n\n\n\n<p>In the case where the delivery falls on a Saturday, Sunday, bank or public holiday, it is extended to the next working day. Only the Customer is able to exercise their right to cancellation.&nbsp;<\/p>\n\n\n\n<p>If the delivery has been made to someone who is not the Customer then this person cannot exercise this right to cancellation in this instance.<\/p>\n\n\n\n<p>The Customer should notify the Company of their cancellation via either the provided cancellation form available on the Website or via email to contact@lephiltre.com<\/p>\n\n\n\n<h4 class=\"wp-block-heading\">9.2 Returns<\/h4>\n\n\n\n<p>Products should be returned by the Customer within 14 days from completion of their cancellation notice to the following address :<\/p>\n\n\n\n<p>Kol<br>23 rue Nationale<br>75013 Paris<\/p>\n\n\n\n<p>Returned products should be in their original packaging and should neither be open nor damaged. If the original packaging has been discarded, the Customer should, taking into consideration the type of Products, wrap them with care in order to avoid breakage.<br>Products returned are at the cost and risk of the Customer. Any product that is damaged cannot be returned nor reimbursed.<\/p>\n\n\n\n<h4 class=\"wp-block-heading\">9.3 Reimbursement<\/h4>\n\n\n\n<p>The customer will be reimbursed the amount paid during the sale, excluding delivery costs, within 14 days following the Customer\u2019s cancellation notice. However, the Company may wait until they are in receipt of the returned Products and\/or until the Customer has provided the Company with proof of shipping.<\/p>\n\n\n\n<p>If the Customer has paid a donation via a third party such as Paygreen, the Customer cannot be reimbursed for this amount in the event of cancellation.<\/p>\n\n\n\n<p>The reimbursement will be carried out by the same payment method which was used by the Customer for their order unless the Customer instructs otherwise, such as in the case of a bank card expiring. In such an instance, the Customer should outline which payment method is preferred for reimbursement. The Company confirms that the Customer will not incur any fees for the reimbursement.<\/p>\n\n\n\n<h3 class=\"wp-block-heading\">Article 10 : Legal guarantees<\/h3>\n\n\n\n<h4 class=\"wp-block-heading\">10.1 Legal guarantee of conformity<\/h4>\n\n\n\n<p>The Customer is protected by the legal guarantee of conformity, as per the articles L. 217-4 and following of the French Consumer Code (extracts below). As such, the Company is dedicated to delivering compliant Products and is responsible for any defects in conformity arising during the delivery process.<\/p>\n\n\n\n<p>Article L.217-4 of the French Consumer Code, \u2018The seller is responsible for delivering goods according to the sales contract and for any defects in conformity arising during the delivery process or as a result of packaging and also includes up to installation and usage.\u2019<\/p>\n\n\n\n<p>Article L.217-5 of the French Consumer:<br>\u2018To be in conformity with the contract, goods must:<\/p>\n\n\n\n<p>1\u00b0 Are fit for intended purpose<br>Correspond to the description given by the seller and have the qualities of the sample or model which the seller presented to the customer<br>Have the qualities a consumer can reasonably expect regarding their nature and any public declarations made by the seller, the producer or their representative, especially in advertising or labelling.<\/p>\n\n\n\n<p>2\u00b0 Or have the features defined by mutual agreement between the parties or be suitable for any special requirement of the buyer and which was made known to the seller and which the latter accepted.<br>As per the legal guarantee to conformity, the Customer:<br>Has two years within delivery of goods to initiate a contentious step on the grounds of guarantee to conformity<br>Can choose between repair or replacement of goods at no extra cost, as outlined in Articles L.217-9 of the French Consumer Code<br>Does not need to provide any evidence of the lack of conformity for up to 24 months following delivery.<\/p>\n\n\n\n<p>The legal guarantee of conformity is applied independently to the commercial guarantee agreed.<\/p>\n\n\n\n<p>The Customer can decide to implement the guarantee of latent defects as per Article 1641 of the French Civil Code. In this case, they can choose between cancellation of sale or a reduced price (Article 1644 of the French Civil Code).<\/p>\n\n\n\n<h4 class=\"wp-block-heading\">10.2 Guarantee of latent defects<\/h4>\n\n\n\n<p>The Customer can exercise their guarantee of latent defects as outlined from Article 1641 and following of the French Civil Code (extracts below)<\/p>\n\n\n\n<p>Article 1641 of the French Civil Code: \u2018The seller is liable for latent defects of the sold goods which render the product unfit for use or to such an extent the buyer cannot use it for its intended purpose and therefore would not have bought it or would have given a lesser price, had they been aware.\u2019<\/p>\n\n\n\n<p>The first paragraph of Article 1648 of the French Civil Code: \u2018The action resulting from latent defects must be brought by the buyer within two years of the discovery of the defect.\u2019<\/p>\n\n\n\n<h3 class=\"wp-block-heading\">Article 11 : <strong>Intellectual property<\/strong><\/h3>\n\n\n\n<p>The Le Philtre trademark, as well as all trademarks, figurative or otherwise, and more generally all other trademarks, illustrations, images and logos that appear on the Website, whether they are registered or not, remain the exclusive property of the Company.<\/p>\n\n\n\n<p>Any full or partial reproduction, modification or use of these trademarks, illustrations, images and logos in whatever form and by whatever medium, without prior express autorisation of the Company, is prohibited. This is also applicable to any other combination of connection with any other trademark, symbol, logo or distinctive mark intended for use as a logo.<\/p>\n\n\n\n<h3 class=\"wp-block-heading\">Article 12 : <strong>Privacy policy<\/strong><\/h3>\n\n\n\n<p>All personal information about the Customer that is provided to the Company during Website use, including data collected at sign up or at the point of sale, is submitted as per the Website\u2019s privacy policy, which makes up part of the current General Terms and Conditions of Sale and is available here or via a link provided at the bottom of each page on the Website.<\/p>\n\n\n\n<h3 class=\"wp-block-heading\">Article 13 : Applicable law and jurisdiction<\/h3>\n\n\n\n<p>The current General Terms and Conditions of Sale are subject to French law.<\/p>\n\n\n\n<p>In case of dispute, provided they have previously contacted the Service and conforming to articles L.612-1 of the French Consumer Code, the Customer can consider conventional mediation. As such, the Company is a member of the the e-commerce ombudsman FEVAD (F\u00e9d\u00e9ration du e-commerce et de la vente \u00e0 distance) can be contacted at: 60 Rue La Bo\u00e9tie \u2013 75008 Paris \u2013 http:\/\/www.mediateurfevad.fr<\/p>\n\n\n\n<p>The Customer may also consider an online dispute resolution, proposed by the European Commission available via the following link:<br>https:\/\/ec.europa.eu\/consumers\/odr\/main\/index.cfm?event=main.home2.show&amp;lng=FR<\/p>\n\n\n\n<p>In the absence of any amicable settlement between the parties, any dispute arising from training, interpreation or carrying out the current terms and conditions of sale or any order will be handed over to the French courts.<\/p>\n<\/div><\/div>\n","protected":false},"excerpt":{"rendered":"<p>General Terms and Conditions of Sale Alcools de Luxe &amp; Associ\u00e9s is a simplified joint stock company with a capital of 96,040 euros. Their head office is located at 58 rue d\u2019Hauteville, 75010, Paris, and registered with the Paris Trade and Companies Register (RCS) under the number 849456744. The company can be reached online via [&hellip;]<\/p>\n","protected":false},"author":1,"featured_media":0,"parent":0,"menu_order":0,"comment_status":"closed","ping_status":"closed","template":"","meta":{"_acf_changed":false,"footnotes":""},"class_list":["post-602","page","type-page","status-publish","hentry"],"acf":[],"yoast_head":"<!-- This site is optimized with the Yoast SEO plugin v25.3.1 - https:\/\/yoast.com\/wordpress\/plugins\/seo\/ -->\n<title>Terms &#8226; Le Philtre<\/title>\n<meta name=\"robots\" content=\"noindex, follow\" \/>\n<meta property=\"og:locale\" content=\"en_US\" \/>\n<meta property=\"og:type\" content=\"article\" \/>\n<meta property=\"og:title\" content=\"Terms &#8226; Le Philtre\" \/>\n<meta property=\"og:description\" content=\"General Terms and Conditions of Sale Alcools de Luxe &amp; Associ\u00e9s is a simplified joint stock company with a capital of 96,040 euros. Their head office is located at 58 rue d\u2019Hauteville, 75010, Paris, and registered with the Paris Trade and Companies Register (RCS) under the number 849456744. The company can be reached online via [&hellip;]\" \/>\n<meta property=\"og:url\" content=\"https:\/\/lephiltre.com\/en\/terms\/\" \/>\n<meta property=\"og:site_name\" content=\"Le Philtre\" \/>\n<meta property=\"article:modified_time\" content=\"2022-05-03T06:39:47+00:00\" \/>\n<meta name=\"twitter:card\" content=\"summary_large_image\" \/>\n<meta name=\"twitter:label1\" content=\"Est. reading time\" \/>\n\t<meta name=\"twitter:data1\" content=\"13 minutes\" \/>\n<script type=\"application\/ld+json\" class=\"yoast-schema-graph\">{\"@context\":\"https:\/\/schema.org\",\"@graph\":[{\"@type\":\"WebPage\",\"@id\":\"https:\/\/lephiltre.com\/en\/terms\/\",\"url\":\"https:\/\/lephiltre.com\/en\/terms\/\",\"name\":\"Terms &#8226; Le Philtre\",\"isPartOf\":{\"@id\":\"https:\/\/lephiltre.com\/en\/#website\"},\"datePublished\":\"2022-05-02T19:25:22+00:00\",\"dateModified\":\"2022-05-03T06:39:47+00:00\",\"breadcrumb\":{\"@id\":\"https:\/\/lephiltre.com\/en\/terms\/#breadcrumb\"},\"inLanguage\":\"en-US\",\"potentialAction\":[{\"@type\":\"ReadAction\",\"target\":[\"https:\/\/lephiltre.com\/en\/terms\/\"]}]},{\"@type\":\"BreadcrumbList\",\"@id\":\"https:\/\/lephiltre.com\/en\/terms\/#breadcrumb\",\"itemListElement\":[{\"@type\":\"ListItem\",\"position\":1,\"name\":\"Accueil\",\"item\":\"https:\/\/lephiltre.com\/en\/\"},{\"@type\":\"ListItem\",\"position\":2,\"name\":\"Terms\"}]},{\"@type\":\"WebSite\",\"@id\":\"https:\/\/lephiltre.com\/en\/#website\",\"url\":\"https:\/\/lephiltre.com\/en\/\",\"name\":\"Le Philtre\",\"description\":\"Organic Vodka\",\"publisher\":{\"@id\":\"https:\/\/lephiltre.com\/en\/#organization\"},\"potentialAction\":[{\"@type\":\"SearchAction\",\"target\":{\"@type\":\"EntryPoint\",\"urlTemplate\":\"https:\/\/lephiltre.com\/en\/?s={search_term_string}\"},\"query-input\":{\"@type\":\"PropertyValueSpecification\",\"valueRequired\":true,\"valueName\":\"search_term_string\"}}],\"inLanguage\":\"en-US\"},{\"@type\":\"Organization\",\"@id\":\"https:\/\/lephiltre.com\/en\/#organization\",\"name\":\"Le Philtre Organic Vodka\",\"url\":\"https:\/\/lephiltre.com\/en\/\",\"logo\":{\"@type\":\"ImageObject\",\"inLanguage\":\"en-US\",\"@id\":\"https:\/\/lephiltre.com\/en\/#\/schema\/logo\/image\/\",\"url\":\"https:\/\/lephiltre.com\/wp-content\/uploads\/2022\/05\/logo-philtre.svg\",\"contentUrl\":\"https:\/\/lephiltre.com\/wp-content\/uploads\/2022\/05\/logo-philtre.svg\",\"width\":1,\"height\":1,\"caption\":\"Le Philtre Organic Vodka\"},\"image\":{\"@id\":\"https:\/\/lephiltre.com\/en\/#\/schema\/logo\/image\/\"}}]}<\/script>\n<!-- \/ Yoast SEO plugin. -->","yoast_head_json":{"title":"Terms &#8226; Le Philtre","robots":{"index":"noindex","follow":"follow"},"og_locale":"en_US","og_type":"article","og_title":"Terms &#8226; Le Philtre","og_description":"General Terms and Conditions of Sale Alcools de Luxe &amp; Associ\u00e9s is a simplified joint stock company with a capital of 96,040 euros. Their head office is located at 58 rue d\u2019Hauteville, 75010, Paris, and registered with the Paris Trade and Companies Register (RCS) under the number 849456744. The company can be reached online via [&hellip;]","og_url":"https:\/\/lephiltre.com\/en\/terms\/","og_site_name":"Le Philtre","article_modified_time":"2022-05-03T06:39:47+00:00","twitter_card":"summary_large_image","twitter_misc":{"Est. reading time":"13 minutes"},"schema":{"@context":"https:\/\/schema.org","@graph":[{"@type":"WebPage","@id":"https:\/\/lephiltre.com\/en\/terms\/","url":"https:\/\/lephiltre.com\/en\/terms\/","name":"Terms &#8226; Le Philtre","isPartOf":{"@id":"https:\/\/lephiltre.com\/en\/#website"},"datePublished":"2022-05-02T19:25:22+00:00","dateModified":"2022-05-03T06:39:47+00:00","breadcrumb":{"@id":"https:\/\/lephiltre.com\/en\/terms\/#breadcrumb"},"inLanguage":"en-US","potentialAction":[{"@type":"ReadAction","target":["https:\/\/lephiltre.com\/en\/terms\/"]}]},{"@type":"BreadcrumbList","@id":"https:\/\/lephiltre.com\/en\/terms\/#breadcrumb","itemListElement":[{"@type":"ListItem","position":1,"name":"Accueil","item":"https:\/\/lephiltre.com\/en\/"},{"@type":"ListItem","position":2,"name":"Terms"}]},{"@type":"WebSite","@id":"https:\/\/lephiltre.com\/en\/#website","url":"https:\/\/lephiltre.com\/en\/","name":"Le Philtre","description":"Organic Vodka","publisher":{"@id":"https:\/\/lephiltre.com\/en\/#organization"},"potentialAction":[{"@type":"SearchAction","target":{"@type":"EntryPoint","urlTemplate":"https:\/\/lephiltre.com\/en\/?s={search_term_string}"},"query-input":{"@type":"PropertyValueSpecification","valueRequired":true,"valueName":"search_term_string"}}],"inLanguage":"en-US"},{"@type":"Organization","@id":"https:\/\/lephiltre.com\/en\/#organization","name":"Le Philtre Organic Vodka","url":"https:\/\/lephiltre.com\/en\/","logo":{"@type":"ImageObject","inLanguage":"en-US","@id":"https:\/\/lephiltre.com\/en\/#\/schema\/logo\/image\/","url":"https:\/\/lephiltre.com\/wp-content\/uploads\/2022\/05\/logo-philtre.svg","contentUrl":"https:\/\/lephiltre.com\/wp-content\/uploads\/2022\/05\/logo-philtre.svg","width":1,"height":1,"caption":"Le Philtre Organic Vodka"},"image":{"@id":"https:\/\/lephiltre.com\/en\/#\/schema\/logo\/image\/"}}]}},"_links":{"self":[{"href":"https:\/\/lephiltre.com\/en\/wp-json\/wp\/v2\/pages\/602","targetHints":{"allow":["GET"]}}],"collection":[{"href":"https:\/\/lephiltre.com\/en\/wp-json\/wp\/v2\/pages"}],"about":[{"href":"https:\/\/lephiltre.com\/en\/wp-json\/wp\/v2\/types\/page"}],"author":[{"embeddable":true,"href":"https:\/\/lephiltre.com\/en\/wp-json\/wp\/v2\/users\/1"}],"replies":[{"embeddable":true,"href":"https:\/\/lephiltre.com\/en\/wp-json\/wp\/v2\/comments?post=602"}],"version-history":[{"count":2,"href":"https:\/\/lephiltre.com\/en\/wp-json\/wp\/v2\/pages\/602\/revisions"}],"predecessor-version":[{"id":605,"href":"https:\/\/lephiltre.com\/en\/wp-json\/wp\/v2\/pages\/602\/revisions\/605"}],"wp:attachment":[{"href":"https:\/\/lephiltre.com\/en\/wp-json\/wp\/v2\/media?parent=602"}],"curies":[{"name":"wp","href":"https:\/\/api.w.org\/{rel}","templated":true}]}}